{"id":2233,"date":"2023-09-08T15:54:19","date_gmt":"2023-09-08T13:54:19","guid":{"rendered":"https:\/\/www.antoniaguerreropsicologia.com\/?page_id=2233"},"modified":"2023-09-18T13:26:44","modified_gmt":"2023-09-18T11:26:44","slug":"blog-psicologia","status":"publish","type":"page","link":"https:\/\/www.antoniaguerreropsicologia.com\/ca\/blog-psicologia\/","title":{"rendered":"Blog"},"content":{"rendered":"<div data-elementor-type=\"wp-page\" data-elementor-id=\"2233\" class=\"elementor elementor-2233\" data-elementor-post-type=\"page\">\n\t\t\t\t<div class=\"elementor-element elementor-element-cfbe9fd e-con-full e-flex elementor-invisible e-con e-parent\" data-id=\"cfbe9fd\" data-element_type=\"container\" data-e-type=\"container\" data-settings=\"{&quot;background_background&quot;:&quot;classic&quot;,&quot;animation&quot;:&quot;fadeIn&quot;}\">\n\t\t\t\t<\/div>\n\t\t<div class=\"elementor-element elementor-element-d576055 e-con-full e-flex e-con e-parent\" data-id=\"d576055\" data-element_type=\"container\" data-e-type=\"container\">\n\t\t<div class=\"elementor-element elementor-element-8bb0d76 animated-slow e-con-full e-flex elementor-invisible e-con e-child\" data-id=\"8bb0d76\" data-element_type=\"container\" data-e-type=\"container\" data-settings=\"{&quot;animation&quot;:&quot;fadeIn&quot;,&quot;animation_delay&quot;:300}\">\n\t\t\t\t<div class=\"elementor-element elementor-element-5b59479 elementor-widget elementor-widget-heading\" data-id=\"5b59479\" data-element_type=\"widget\" data-e-type=\"widget\" data-widget_type=\"heading.default\">\n\t\t\t\t<div class=\"elementor-widget-container\">\n\t\t\t\t\t<h3 class=\"elementor-heading-title elementor-size-default\">El Blog de Creixement Centre de Psicologia:<\/h3>\t\t\t\t<\/div>\n\t\t\t\t<\/div>\n\t\t\t\t<div class=\"elementor-element elementor-element-f25ca44 elementor-widget elementor-widget-heading\" data-id=\"f25ca44\" data-element_type=\"widget\" data-e-type=\"widget\" data-widget_type=\"heading.default\">\n\t\t\t\t<div class=\"elementor-widget-container\">\n\t\t\t\t\t<h1 class=\"elementor-heading-title elementor-size-default\">Apr\u00e8n sobre psicoter\u00e0pia i descobreix les \u00faltimes novetats del sector de la psicologia<\/h1>\t\t\t\t<\/div>\n\t\t\t\t<\/div>\n\t\t\t\t<div class=\"elementor-element elementor-element-467381d elementor-invisible elementor-widget elementor-widget-text-editor\" data-id=\"467381d\" data-element_type=\"widget\" data-e-type=\"widget\" data-settings=\"{&quot;_animation&quot;:&quot;fadeInUp&quot;,&quot;_animation_delay&quot;:300}\" data-widget_type=\"text-editor.default\">\n\t\t\t\t<div class=\"elementor-widget-container\">\n\t\t\t\t\t\t\t\t\t<p>No et perdis els articles del nostre blog, on parlem de diferents temes relacionats amb la psicologia, la psicoter\u00e0pia i temes relacionats com el creixement personal i l'autoajuda. T'informem de not\u00edcies i novetats del sector i relacionem temes d'actualitat amb els seus efectes psicol\u00f2gics en grups de persones i individus. Si vols saber m\u00e9s o tens algun dubte, posa't en contacte amb nosaltres!<\/p>\t\t\t\t\t\t\t\t<\/div>\n\t\t\t\t<\/div>\n\t\t\t\t<\/div>\n\t\t<div class=\"elementor-element elementor-element-017d095 animated-slow e-con-full e-flex elementor-invisible e-con e-child\" data-id=\"017d095\" data-element_type=\"container\" data-e-type=\"container\" data-settings=\"{&quot;animation&quot;:&quot;fadeIn&quot;,&quot;animation_delay&quot;:300}\">\n\t\t\t\t<div class=\"elementor-element elementor-element-c2a5dd3 elementor-grid-4 elementor-grid-laptop-3 elementor-posts--align-left elementor-grid-tablet-2 elementor-grid-mobile-1 elementor-posts--thumbnail-top elementor-card-shadow-yes elementor-posts__hover-gradient elementor-widget elementor-widget-posts\" data-id=\"c2a5dd3\" data-element_type=\"widget\" data-e-type=\"widget\" data-settings=\"{&quot;cards_columns&quot;:&quot;4&quot;,&quot;cards_columns_laptop&quot;:&quot;3&quot;,&quot;cards_row_gap&quot;:{&quot;unit&quot;:&quot;custom&quot;,&quot;size&quot;:&quot;4%&quot;,&quot;sizes&quot;:[]},&quot;cards_row_gap_laptop&quot;:{&quot;unit&quot;:&quot;custom&quot;,&quot;size&quot;:&quot;&quot;,&quot;sizes&quot;:[]},&quot;cards_row_gap_tablet&quot;:{&quot;unit&quot;:&quot;custom&quot;,&quot;size&quot;:&quot;&quot;,&quot;sizes&quot;:[]},&quot;cards_row_gap_mobile&quot;:{&quot;unit&quot;:&quot;custom&quot;,&quot;size&quot;:&quot;&quot;,&quot;sizes&quot;:[]},&quot;pagination_type&quot;:&quot;load_more_infinite_scroll&quot;,&quot;cards_columns_tablet&quot;:&quot;2&quot;,&quot;cards_columns_mobile&quot;:&quot;1&quot;,&quot;load_more_spinner&quot;:{&quot;value&quot;:&quot;fas fa-spinner&quot;,&quot;library&quot;:&quot;fa-solid&quot;}}\" data-widget_type=\"posts.cards\">\n\t\t\t\t<div class=\"elementor-widget-container\">\n\t\t\t\t\t\t\t<div class=\"elementor-posts-container elementor-posts elementor-posts--skin-cards elementor-grid\" role=\"list\">\n\t\t\t\t<article class=\"elementor-post elementor-grid-item post-2866 post type-post status-publish format-standard category-sin-categorizar tag-mujeres entry has-post-thumbnail\" role=\"listitem\">\n\t\t\t<div class=\"elementor-post__card\">\n\t\t\t\t<div class=\"elementor-post__text\">\n\t\t\t\t<h3 class=\"elementor-post__title\">\n\t\t\t<a href=\"https:\/\/www.antoniaguerreropsicologia.com\/ca\/taller-les-deeses-de-cada-dona\/\" target=\"&quot;_blank&quot;\">\n\t\t\t\tTALLER LES DEESES DE CADA DONA\t\t\t<\/a>\n\t\t<\/h3>\n\t\t\t\t<div class=\"elementor-post__excerpt\">\n\t\t\t<p>Aquest taller tindr\u00e0 com a guia el llibre de la psicoterapeuta Jean Shinoda Bolen,<\/p>\n\t\t<\/div>\n\t\t\n\t\t<a class=\"elementor-post__read-more\" href=\"https:\/\/www.antoniaguerreropsicologia.com\/ca\/taller-les-deeses-de-cada-dona\/\" aria-label=\"Read more about TALLER LES DEESES DE CADA DONA\" tabindex=\"-1\" target=\"_blank\">\n\t\t\tLlegir m\u00e9s\t\t<\/a>\n\n\t\t\t\t<\/div>\n\t\t\t\t<div class=\"elementor-post__meta-data\">\n\t\t\t\t\t<span class=\"elementor-post-date\">\n\t\t\t25 d'abril de 2025\t\t<\/span>\n\t\t\t\t<\/div>\n\t\t\t\t\t<\/div>\n\t\t<\/article>\n\t\t\t\t<article class=\"elementor-post elementor-grid-item post-1518 post type-post status-publish format-standard has-post-thumbnail category-sin-categorizar entry\" role=\"listitem\">\n\t\t\t<div class=\"elementor-post__card\">\n\t\t\t\t<a class=\"elementor-post__thumbnail__link\" href=\"https:\/\/www.antoniaguerreropsicologia.com\/ca\/adiccion-a-las-redes-sociales\/\" tabindex=\"-1\" target=\"_blank\"><div class=\"elementor-post__thumbnail\"><img fetchpriority=\"high\" decoding=\"async\" width=\"300\" height=\"212\" src=\"https:\/\/www.antoniaguerreropsicologia.com\/wp-content\/uploads\/2021\/09\/social-media-1432937_1280-300x212.jpg\" class=\"attachment-medium size-medium wp-image-1522\" alt=\"\" srcset=\"https:\/\/www.antoniaguerreropsicologia.com\/wp-content\/uploads\/2021\/09\/social-media-1432937_1280-300x212.jpg 300w, https:\/\/www.antoniaguerreropsicologia.com\/wp-content\/uploads\/2021\/09\/social-media-1432937_1280-1024x724.jpg 1024w, https:\/\/www.antoniaguerreropsicologia.com\/wp-content\/uploads\/2021\/09\/social-media-1432937_1280-768x543.jpg 768w, https:\/\/www.antoniaguerreropsicologia.com\/wp-content\/uploads\/2021\/09\/social-media-1432937_1280-600x424.jpg 600w, https:\/\/www.antoniaguerreropsicologia.com\/wp-content\/uploads\/2021\/09\/social-media-1432937_1280.jpg 1280w\" sizes=\"(max-width: 300px) 100vw, 300px\" \/><\/div><\/a>\n\t\t\t\t<div class=\"elementor-post__text\">\n\t\t\t\t<h3 class=\"elementor-post__title\">\n\t\t\t<a href=\"https:\/\/www.antoniaguerreropsicologia.com\/ca\/adiccion-a-las-redes-sociales\/\" target=\"&quot;_blank&quot;\">\n\t\t\t\tAdicci\u00f3n a las redes sociales\t\t\t<\/a>\n\t\t<\/h3>\n\t\t\t\t<div class=\"elementor-post__excerpt\">\n\t\t\t<p>La adicci\u00f3n a las redes sociales va en aumento y es cada vez m\u00e1s<\/p>\n\t\t<\/div>\n\t\t\n\t\t<a class=\"elementor-post__read-more\" href=\"https:\/\/www.antoniaguerreropsicologia.com\/ca\/adiccion-a-las-redes-sociales\/\" aria-label=\"Read more about Adicci\u00f3n a las redes sociales\" tabindex=\"-1\" target=\"_blank\">\n\t\t\tLlegir m\u00e9s\t\t<\/a>\n\n\t\t\t\t<\/div>\n\t\t\t\t<div class=\"elementor-post__meta-data\">\n\t\t\t\t\t<span class=\"elementor-post-date\">\n\t\t\t13 de setembre de 2021\t\t<\/span>\n\t\t\t\t<\/div>\n\t\t\t\t\t<\/div>\n\t\t<\/article>\n\t\t\t\t<article class=\"elementor-post elementor-grid-item post-1494 post type-post status-publish format-standard category-sin-categorizar entry\" role=\"listitem\">\n\t\t\t<div class=\"elementor-post__card\">\n\t\t\t\t<div class=\"elementor-post__text\">\n\t\t\t\t<h3 class=\"elementor-post__title\">\n\t\t\t<a href=\"https:\/\/www.antoniaguerreropsicologia.com\/ca\/curso-la-variable-de-genero-en-la-practica-profesional\/\" target=\"&quot;_blank&quot;\">\n\t\t\t\tCURSO \u00abLA VARIABLE DE G\u00c9NERO EN LA PR\u00c1CTICA PROFESIONAL\u00bb\t\t\t<\/a>\n\t\t<\/h3>\n\t\t\t\t<div class=\"elementor-post__excerpt\">\n\t\t\t<p>El pr\u00f3ximo 11 de febrero de 10 a 12 horas, tendr\u00e1 lugar un curso<\/p>\n\t\t<\/div>\n\t\t\n\t\t<a class=\"elementor-post__read-more\" href=\"https:\/\/www.antoniaguerreropsicologia.com\/ca\/curso-la-variable-de-genero-en-la-practica-profesional\/\" aria-label=\"Read more about CURSO \u00abLA VARIABLE DE G\u00c9NERO EN LA PR\u00c1CTICA PROFESIONAL\u00bb\" tabindex=\"-1\" target=\"_blank\">\n\t\t\tLlegir m\u00e9s\t\t<\/a>\n\n\t\t\t\t<\/div>\n\t\t\t\t<div class=\"elementor-post__meta-data\">\n\t\t\t\t\t<span class=\"elementor-post-date\">\n\t\t\t27 de gener de 2021\t\t<\/span>\n\t\t\t\t<\/div>\n\t\t\t\t\t<\/div>\n\t\t<\/article>\n\t\t\t\t<article class=\"elementor-post elementor-grid-item post-1480 post type-post status-publish format-standard has-post-thumbnail category-sense-categoria tag-grups entry\" role=\"listitem\">\n\t\t\t<div class=\"elementor-post__card\">\n\t\t\t\t<a class=\"elementor-post__thumbnail__link\" href=\"https:\/\/www.antoniaguerreropsicologia.com\/ca\/grups-de-suport-emocional\/\" tabindex=\"-1\" target=\"_blank\"><div class=\"elementor-post__thumbnail\"><img decoding=\"async\" width=\"300\" height=\"225\" src=\"https:\/\/www.antoniaguerreropsicologia.com\/wp-content\/uploads\/2020\/12\/hand-1917895_1280-300x225.png\" class=\"attachment-medium size-medium wp-image-1486\" alt=\"\" srcset=\"https:\/\/www.antoniaguerreropsicologia.com\/wp-content\/uploads\/2020\/12\/hand-1917895_1280-300x225.png 300w, https:\/\/www.antoniaguerreropsicologia.com\/wp-content\/uploads\/2020\/12\/hand-1917895_1280-1024x768.png 1024w, https:\/\/www.antoniaguerreropsicologia.com\/wp-content\/uploads\/2020\/12\/hand-1917895_1280-768x576.png 768w, https:\/\/www.antoniaguerreropsicologia.com\/wp-content\/uploads\/2020\/12\/hand-1917895_1280-600x450.png 600w, https:\/\/www.antoniaguerreropsicologia.com\/wp-content\/uploads\/2020\/12\/hand-1917895_1280.png 1280w\" sizes=\"(max-width: 300px) 100vw, 300px\" \/><\/div><\/a>\n\t\t\t\t<div class=\"elementor-post__text\">\n\t\t\t\t<h3 class=\"elementor-post__title\">\n\t\t\t<a href=\"https:\/\/www.antoniaguerreropsicologia.com\/ca\/grups-de-suport-emocional\/\" target=\"&quot;_blank&quot;\">\n\t\t\t\tGRUPS DE SUPORT EMOCIONAL\t\t\t<\/a>\n\t\t<\/h3>\n\t\t\t\t<div class=\"elementor-post__excerpt\">\n\t\t\t<p>Grups de suport emocional a Torroella de Montgr\u00ed<\/p>\n\t\t<\/div>\n\t\t\n\t\t<a class=\"elementor-post__read-more\" href=\"https:\/\/www.antoniaguerreropsicologia.com\/ca\/grups-de-suport-emocional\/\" aria-label=\"Read more about GRUPS DE SUPORT EMOCIONAL\" tabindex=\"-1\" target=\"_blank\">\n\t\t\tLlegir m\u00e9s\t\t<\/a>\n\n\t\t\t\t<\/div>\n\t\t\t\t<div class=\"elementor-post__meta-data\">\n\t\t\t\t\t<span class=\"elementor-post-date\">\n\t\t\t6 de desembre de 2020\t\t<\/span>\n\t\t\t\t<\/div>\n\t\t\t\t\t<\/div>\n\t\t<\/article>\n\t\t\t\t<article class=\"elementor-post elementor-grid-item post-1477 post type-post status-publish format-standard category-sin-categorizar entry\" role=\"listitem\">\n\t\t\t<div class=\"elementor-post__card\">\n\t\t\t\t<div class=\"elementor-post__text\">\n\t\t\t\t<h3 class=\"elementor-post__title\">\n\t\t\t<a href=\"https:\/\/www.antoniaguerreropsicologia.com\/ca\/borradorcomo-nos-afecta-el-covid-a-nuestra-salud-mental-automatico\/\" target=\"&quot;_blank&quot;\">\n\t\t\t\tCovid y salud mental\t\t\t<\/a>\n\t\t<\/h3>\n\t\t\t\t<div class=\"elementor-post__excerpt\">\n\t\t\t<p>El mundo ha cambiado en poco tiempo y ha pasado de ser un lugar<\/p>\n\t\t<\/div>\n\t\t\n\t\t<a class=\"elementor-post__read-more\" href=\"https:\/\/www.antoniaguerreropsicologia.com\/ca\/borradorcomo-nos-afecta-el-covid-a-nuestra-salud-mental-automatico\/\" aria-label=\"Read more about Covid y salud mental\" tabindex=\"-1\" target=\"_blank\">\n\t\t\tLlegir m\u00e9s\t\t<\/a>\n\n\t\t\t\t<\/div>\n\t\t\t\t<div class=\"elementor-post__meta-data\">\n\t\t\t\t\t<span class=\"elementor-post-date\">\n\t\t\t6 de desembre de 2020\t\t<\/span>\n\t\t\t\t<\/div>\n\t\t\t\t\t<\/div>\n\t\t<\/article>\n\t\t\t\t<article class=\"elementor-post elementor-grid-item post-1475 post type-post status-publish format-standard category-sense-categoria entry\" role=\"listitem\">\n\t\t\t<div class=\"elementor-post__card\">\n\t\t\t\t<div class=\"elementor-post__text\">\n\t\t\t\t<h3 class=\"elementor-post__title\">\n\t\t\t<a href=\"https:\/\/www.antoniaguerreropsicologia.com\/ca\/borrador-automaticocom-ens-afecta-el-covid-a-nivell-psicologic\/\" target=\"&quot;_blank&quot;\">\n\t\t\t\tCovid i salut mental\t\t\t<\/a>\n\t\t<\/h3>\n\t\t\t\t<div class=\"elementor-post__excerpt\">\n\t\t\t<p>El m\u00f3n ha canviat en poc temps i ha passat de ser un lloc<\/p>\n\t\t<\/div>\n\t\t\n\t\t<a class=\"elementor-post__read-more\" href=\"https:\/\/www.antoniaguerreropsicologia.com\/ca\/borrador-automaticocom-ens-afecta-el-covid-a-nivell-psicologic\/\" aria-label=\"Read more about Covid i salut mental\" tabindex=\"-1\" target=\"_blank\">\n\t\t\tLlegir m\u00e9s\t\t<\/a>\n\n\t\t\t\t<\/div>\n\t\t\t\t<div class=\"elementor-post__meta-data\">\n\t\t\t\t\t<span class=\"elementor-post-date\">\n\t\t\t6 de desembre de 2020\t\t<\/span>\n\t\t\t\t<\/div>\n\t\t\t\t\t<\/div>\n\t\t<\/article>\n\t\t\t\t<\/div>\n\t\t\t\t\t<span class=\"e-load-more-spinner\">\n\t\t\t\t<i aria-hidden=\"true\" class=\"fas fa-spinner\"><\/i>\t\t\t<\/span>\n\t\t\n\t\t\t\t<div class=\"e-load-more-anchor\" data-page=\"1\" data-max-page=\"2\" data-next-page=\"https:\/\/www.antoniaguerreropsicologia.com\/ca\/wp-json\/wp\/v2\/pages\/2233\/page\/2\/\"><\/div>\n\t\t\t\t<div class=\"e-load-more-message\"><\/div>\n\t\t\t\t\t\t<\/div>\n\t\t\t\t<\/div>\n\t\t\t\t<\/div>\n\t\t\t\t<\/div>\n\t\t\t\t<\/div>","protected":false},"excerpt":{"rendered":"<p>El Blog de Creixement Centro de Psicolog\u00eda: Aprende sobre psicoterapia y descubre las \u00faltimas novedades del sector de la psicolog\u00eda No te pierdas los art\u00edculos de nuestro blog, donde hablamos de diferentes temas relacionados con la psicolog\u00eda, la psicoterapia y temas relacionados como el crecimiento personal y la autoayuda. Te informamos de noticias y novedades [&hellip;]<\/p>\n","protected":false},"author":3,"featured_media":0,"parent":0,"menu_order":0,"comment_status":"closed","ping_status":"closed","template":"elementor_header_footer","meta":{"_genesis_hide_title":false,"_genesis_hide_breadcrumbs":false,"_genesis_hide_singular_image":false,"_genesis_hide_footer_widgets":false,"_genesis_custom_body_class":"","_genesis_custom_post_class":"","_genesis_layout":"","footnotes":""},"class_list":{"0":"post-2233","1":"page","2":"type-page","3":"status-publish","5":"entry"},"yoast_head":"<!-- This site is optimized with the Yoast SEO Premium plugin v21.1 (Yoast SEO v27.2) - https:\/\/yoast.com\/product\/yoast-seo-premium-wordpress\/ -->\n<title>Blog - Antonia Guerrero<\/title>\n<meta name=\"description\" content=\"En nuestro blog aprender\u00e1s sobre psicoterapia y descubrir\u00e1s las \u00faltimas novedades del sector de la psicolog\u00eda.\" \/>\n<meta name=\"robots\" content=\"index, follow, max-snippet:-1, max-image-preview:large, max-video-preview:-1\" \/>\n<link rel=\"canonical\" href=\"https:\/\/www.antoniaguerreropsicologia.com\/ca\/blog-psicologia\/\" \/>\n<meta property=\"og:locale\" content=\"ca_ES\" \/>\n<meta property=\"og:type\" content=\"article\" \/>\n<meta property=\"og:title\" content=\"Blog\" \/>\n<meta property=\"og:description\" content=\"En nuestro blog aprender\u00e1s sobre psicoterapia y descubrir\u00e1s las \u00faltimas novedades del sector de la psicolog\u00eda.\" \/>\n<meta property=\"og:url\" content=\"https:\/\/www.antoniaguerreropsicologia.com\/ca\/blog-psicologia\/\" \/>\n<meta property=\"og:site_name\" content=\"Antonia Guerrero\" \/>\n<meta property=\"article:modified_time\" content=\"2023-09-18T11:26:44+00:00\" \/>\n<meta name=\"twitter:card\" content=\"summary_large_image\" \/>\n<meta name=\"twitter:label1\" content=\"Temps estimat de lectura\" \/>\n\t<meta name=\"twitter:data1\" content=\"1 minut\" \/>\n<script type=\"application\/ld+json\" class=\"yoast-schema-graph\">{\"@context\":\"https:\/\/schema.org\",\"@graph\":[{\"@type\":\"WebPage\",\"@id\":\"https:\/\/www.antoniaguerreropsicologia.com\/blog-psicologia\/\",\"url\":\"https:\/\/www.antoniaguerreropsicologia.com\/blog-psicologia\/\",\"name\":\"Blog - Antonia Guerrero\",\"isPartOf\":{\"@id\":\"https:\/\/www.antoniaguerreropsicologia.com\/#website\"},\"datePublished\":\"2023-09-08T13:54:19+00:00\",\"dateModified\":\"2023-09-18T11:26:44+00:00\",\"description\":\"En nuestro blog aprender\u00e1s sobre psicoterapia y descubrir\u00e1s las \u00faltimas novedades del sector de la psicolog\u00eda.\",\"breadcrumb\":{\"@id\":\"https:\/\/www.antoniaguerreropsicologia.com\/blog-psicologia\/#breadcrumb\"},\"inLanguage\":\"ca\",\"potentialAction\":[{\"@type\":\"ReadAction\",\"target\":[\"https:\/\/www.antoniaguerreropsicologia.com\/blog-psicologia\/\"]}]},{\"@type\":\"BreadcrumbList\",\"@id\":\"https:\/\/www.antoniaguerreropsicologia.com\/blog-psicologia\/#breadcrumb\",\"itemListElement\":[{\"@type\":\"ListItem\",\"position\":1,\"name\":\"Portada\",\"item\":\"https:\/\/www.antoniaguerreropsicologia.com\/\"},{\"@type\":\"ListItem\",\"position\":2,\"name\":\"Blog\"}]},{\"@type\":\"WebSite\",\"@id\":\"https:\/\/www.antoniaguerreropsicologia.com\/#website\",\"url\":\"https:\/\/www.antoniaguerreropsicologia.com\/\",\"name\":\"Antonia Guerrero Psicolog\u00eda\",\"description\":\"Sesiones de Psicologia presencial y online\",\"publisher\":{\"@id\":\"https:\/\/www.antoniaguerreropsicologia.com\/#\/schema\/person\/5fc64fb31ae35f3fced1bfc13c07d3f7\"},\"potentialAction\":[{\"@type\":\"SearchAction\",\"target\":{\"@type\":\"EntryPoint\",\"urlTemplate\":\"https:\/\/www.antoniaguerreropsicologia.com\/?s={search_term_string}\"},\"query-input\":{\"@type\":\"PropertyValueSpecification\",\"valueRequired\":true,\"valueName\":\"search_term_string\"}}],\"inLanguage\":\"ca\"},{\"@type\":[\"Person\",\"Organization\"],\"@id\":\"https:\/\/www.antoniaguerreropsicologia.com\/#\/schema\/person\/5fc64fb31ae35f3fced1bfc13c07d3f7\",\"name\":\"Antonia Guerrero\",\"image\":{\"@type\":\"ImageObject\",\"inLanguage\":\"ca\",\"@id\":\"https:\/\/antoniaguerreropsicologia.com\/wp-content\/uploads\/2020\/05\/antonia3.jpg\",\"url\":\"https:\/\/antoniaguerreropsicologia.com\/wp-content\/uploads\/2020\/05\/antonia3.jpg\",\"contentUrl\":\"https:\/\/antoniaguerreropsicologia.com\/wp-content\/uploads\/2020\/05\/antonia3.jpg\",\"width\":700,\"height\":769,\"caption\":\"Antonia Guerrero\"},\"logo\":{\"@id\":\"https:\/\/antoniaguerreropsicologia.com\/wp-content\/uploads\/2020\/05\/antonia3.jpg\"}}]}<\/script>\n<!-- \/ Yoast SEO Premium plugin. -->","yoast_head_json":{"title":"Blog - Antonia Guerrero","description":"En nuestro blog aprender\u00e1s sobre psicoterapia y descubrir\u00e1s las \u00faltimas novedades del sector de la psicolog\u00eda.","robots":{"index":"index","follow":"follow","max-snippet":"max-snippet:-1","max-image-preview":"max-image-preview:large","max-video-preview":"max-video-preview:-1"},"canonical":"https:\/\/www.antoniaguerreropsicologia.com\/ca\/blog-psicologia\/","og_locale":"ca_ES","og_type":"article","og_title":"Blog","og_description":"En nuestro blog aprender\u00e1s sobre psicoterapia y descubrir\u00e1s las \u00faltimas novedades del sector de la psicolog\u00eda.","og_url":"https:\/\/www.antoniaguerreropsicologia.com\/ca\/blog-psicologia\/","og_site_name":"Antonia Guerrero","article_modified_time":"2023-09-18T11:26:44+00:00","twitter_card":"summary_large_image","twitter_misc":{"Temps estimat de lectura":"1 minut"},"schema":{"@context":"https:\/\/schema.org","@graph":[{"@type":"WebPage","@id":"https:\/\/www.antoniaguerreropsicologia.com\/blog-psicologia\/","url":"https:\/\/www.antoniaguerreropsicologia.com\/blog-psicologia\/","name":"Blog - Antonia Guerrero","isPartOf":{"@id":"https:\/\/www.antoniaguerreropsicologia.com\/#website"},"datePublished":"2023-09-08T13:54:19+00:00","dateModified":"2023-09-18T11:26:44+00:00","description":"En nuestro blog aprender\u00e1s sobre psicoterapia y descubrir\u00e1s las \u00faltimas novedades del sector de la psicolog\u00eda.","breadcrumb":{"@id":"https:\/\/www.antoniaguerreropsicologia.com\/blog-psicologia\/#breadcrumb"},"inLanguage":"ca","potentialAction":[{"@type":"ReadAction","target":["https:\/\/www.antoniaguerreropsicologia.com\/blog-psicologia\/"]}]},{"@type":"BreadcrumbList","@id":"https:\/\/www.antoniaguerreropsicologia.com\/blog-psicologia\/#breadcrumb","itemListElement":[{"@type":"ListItem","position":1,"name":"Portada","item":"https:\/\/www.antoniaguerreropsicologia.com\/"},{"@type":"ListItem","position":2,"name":"Blog"}]},{"@type":"WebSite","@id":"https:\/\/www.antoniaguerreropsicologia.com\/#website","url":"https:\/\/www.antoniaguerreropsicologia.com\/","name":"Antonia Guerrero Psicolog\u00eda","description":"Sesiones de Psicologia presencial y online","publisher":{"@id":"https:\/\/www.antoniaguerreropsicologia.com\/#\/schema\/person\/5fc64fb31ae35f3fced1bfc13c07d3f7"},"potentialAction":[{"@type":"SearchAction","target":{"@type":"EntryPoint","urlTemplate":"https:\/\/www.antoniaguerreropsicologia.com\/?s={search_term_string}"},"query-input":{"@type":"PropertyValueSpecification","valueRequired":true,"valueName":"search_term_string"}}],"inLanguage":"ca"},{"@type":["Person","Organization"],"@id":"https:\/\/www.antoniaguerreropsicologia.com\/#\/schema\/person\/5fc64fb31ae35f3fced1bfc13c07d3f7","name":"Ant\u00f2nia Guerrero","image":{"@type":"ImageObject","inLanguage":"ca","@id":"https:\/\/antoniaguerreropsicologia.com\/wp-content\/uploads\/2020\/05\/antonia3.jpg","url":"https:\/\/antoniaguerreropsicologia.com\/wp-content\/uploads\/2020\/05\/antonia3.jpg","contentUrl":"https:\/\/antoniaguerreropsicologia.com\/wp-content\/uploads\/2020\/05\/antonia3.jpg","width":700,"height":769,"caption":"Antonia Guerrero"},"logo":{"@id":"https:\/\/antoniaguerreropsicologia.com\/wp-content\/uploads\/2020\/05\/antonia3.jpg"}}]}},"featured_image_src":null,"featured_image_src_square":null,"_links":{"self":[{"href":"https:\/\/www.antoniaguerreropsicologia.com\/ca\/wp-json\/wp\/v2\/pages\/2233","targetHints":{"allow":["GET"]}}],"collection":[{"href":"https:\/\/www.antoniaguerreropsicologia.com\/ca\/wp-json\/wp\/v2\/pages"}],"about":[{"href":"https:\/\/www.antoniaguerreropsicologia.com\/ca\/wp-json\/wp\/v2\/types\/page"}],"author":[{"embeddable":true,"href":"https:\/\/www.antoniaguerreropsicologia.com\/ca\/wp-json\/wp\/v2\/users\/3"}],"replies":[{"embeddable":true,"href":"https:\/\/www.antoniaguerreropsicologia.com\/ca\/wp-json\/wp\/v2\/comments?post=2233"}],"version-history":[{"count":64,"href":"https:\/\/www.antoniaguerreropsicologia.com\/ca\/wp-json\/wp\/v2\/pages\/2233\/revisions"}],"predecessor-version":[{"id":2746,"href":"https:\/\/www.antoniaguerreropsicologia.com\/ca\/wp-json\/wp\/v2\/pages\/2233\/revisions\/2746"}],"wp:attachment":[{"href":"https:\/\/www.antoniaguerreropsicologia.com\/ca\/wp-json\/wp\/v2\/media?parent=2233"}],"curies":[{"name":"wp","href":"https:\/\/api.w.org\/{rel}","templated":true}]}}