{"id":486,"date":"2017-03-14T04:47:59","date_gmt":"2017-03-14T04:47:59","guid":{"rendered":"https:\/\/demo.themesquare.com\/kreativ\/?post_type=product&#038;p=486"},"modified":"2023-09-14T15:22:17","modified_gmt":"2023-09-14T13:22:17","slug":"sesion-de-psicoterapia","status":"publish","type":"product","link":"https:\/\/www.antoniaguerreropsicologia.com\/ca\/cita\/sesion-de-psicoterapia\/","title":{"rendered":"Sessi\u00f3 de Psicoter\u00e0pia"},"content":{"rendered":"<p class=\"p1\"><span class=\"s1\"><strong>Sessi\u00f3 online:<\/strong> Per fer una sessi\u00f3 en l\u00ednia necessitar\u00e0s una tauleta, ordinador o m\u00f2bil i una connexi\u00f3 a internet. Tamb\u00e9 \u00e9s imprescindible que tinguis un espai (una habitaci\u00f3) on poder fer la sessi\u00f3 en l\u00ednia i estar sol\/a i tranquil\/la, que no sigui una habitaci\u00f3 on hi hagi<span class=\"Apple-converted-space\">\u00a0 <\/span>una altra persona o que constantment alg\u00fa entri o surti, aquestes interrupcions no ens permetrien concentrar-nos en la feina psicol\u00f2gica. Durant la sessi\u00f3, jo et sentir\u00e9 i et far\u00e9 preguntes sobre el que et passa per poder entendre la situaci\u00f3 i trobar solucions. Necessitarem algunes sessions per veure canvis i millores en el teu benestar psicol\u00f2gic.<\/span><\/p>\n<p class=\"p1\"><span class=\"s1\"><strong>Sessi\u00f3 Presencial:<\/strong> En les sessions presencials es crear\u00e0 un clima c\u00e0lid perqu\u00e8 et sentis el m\u00e0xim de b\u00e9 i et sigui f\u00e0cil explicar el que et preocupa, ofega o et fa estar malament. Durant la sessi\u00f3, jo et sentir\u00e9 i et far\u00e9 preguntes sobre el que et passa per poder entendre la situaci\u00f3 i trobar solucions. Necessitarem algunes sessions per veure canvis i millores en el teu benestar psicol\u00f2gic.<\/span><\/p>\n<p class=\"p1\"><span class=\"s1\"><strong>Ter\u00e0pia de parella:<\/strong> Les sessions de parella consisteixen en qu\u00e8 tots dos membres vingueu a la consulta junts i pugueu explicar com us sentiu de manera c\u00f2moda i aix\u00ed, treballar les barreres que us dificultin la relaci\u00f3.<\/span><\/p>\n<p class=\"p1\"><span class=\"s1\">En els tres tipus de sessions us haur\u00edeu de<span class=\"Apple-converted-space\">\u00a0 <\/span>sentir lliures per expressar-vos, fins i tot per dir si no us sentiu c\u00f2modes amb la psicoter\u00e0pia.<\/span><\/p>","protected":false},"excerpt":{"rendered":"<p style=\"text-align: justify;\">La psicoter\u00e0pia \u00e9s un proc\u00e9s de creixement on un\/a professional especialitzat\/ada en l'escolta i la comprensi\u00f3 dels processos psicol\u00f2gics t'acompanya perqu\u00e8 puguis ser m\u00e9s conscient de tu mateix\/a i del que et dificulta estar en equilibri i harmonia. Els\/les psicoterapeutes estem formats en els processos dels canvis vitals, en el m\u00f3n emocional, en la gesti\u00f3 de l'estr\u00e8s i l'ansietat, i en molts altres temes. Sempre que demanis ajuda, assegura't que la persona que et va atendre sigui un psic\u00f2leg, especialitzat en psicoter\u00e0pia.<\/p>","protected":false},"featured_media":728,"template":"","meta":{"_genesis_hide_title":false,"_genesis_hide_breadcrumbs":false,"_genesis_hide_singular_image":false,"_genesis_hide_footer_widgets":false,"_genesis_custom_body_class":"","_genesis_custom_post_class":"","_genesis_layout":""},"product_brand":[],"product_cat":[16],"product_tag":[],"class_list":{"0":"post-486","1":"product","2":"type-product","3":"status-publish","4":"has-post-thumbnail","6":"product_cat-sin-categorizar","7":"entry","9":"first","10":"instock","11":"virtual","12":"taxable","13":"purchasable","14":"product-type-simple"},"yoast_head":"<!-- This site is optimized with the Yoast SEO Premium plugin v21.1 (Yoast SEO v27.2) - https:\/\/yoast.com\/product\/yoast-seo-premium-wordpress\/ -->\n<title>Sesi\u00f3n de Psicoterapia - Antonia Guerrero<\/title>\n<meta name=\"robots\" content=\"index, follow, max-snippet:-1, max-image-preview:large, max-video-preview:-1\" \/>\n<link rel=\"canonical\" href=\"https:\/\/www.antoniaguerreropsicologia.com\/ca\/cita\/sesion-de-psicoterapia\/\" \/>\n<meta property=\"og:locale\" content=\"ca_ES\" \/>\n<meta property=\"og:type\" content=\"article\" \/>\n<meta property=\"og:title\" content=\"Sesi\u00f3n de Psicoterapia\" \/>\n<meta property=\"og:description\" content=\"La psicoterapia es un proceso de crecimiento d\u00f3nde un\/a profesional especializado\/a en la escucha y la comprensi\u00f3n de procesos psicol\u00f3gicos te acompa\u00f1a para que puedas ser m\u00e1s consciente de ti mismo\/a y de lo que te impide estar en equilibrio y harmon\u00eda. Los\/as psicoterapeutas estamos formados en los procesos de los cambios vitales, en el mundo emocional, en el manejo del estr\u00e9s y la ansiedad y en mucho otros temas. Siempre que pidas ayuda, aseg\u00farate de que la persona que te va a atender es un psic\u00f3logo, especializado en psicoterapia.\" \/>\n<meta property=\"og:url\" content=\"https:\/\/www.antoniaguerreropsicologia.com\/ca\/cita\/sesion-de-psicoterapia\/\" \/>\n<meta property=\"og:site_name\" content=\"Antonia Guerrero\" \/>\n<meta property=\"article:modified_time\" content=\"2023-09-14T13:22:17+00:00\" \/>\n<meta property=\"og:image\" content=\"https:\/\/www.antoniaguerreropsicologia.com\/wp-content\/uploads\/2017\/03\/baixa.jpg\" \/>\n\t<meta property=\"og:image:width\" content=\"275\" \/>\n\t<meta property=\"og:image:height\" content=\"183\" \/>\n\t<meta property=\"og:image:type\" content=\"image\/jpeg\" \/>\n<meta name=\"twitter:card\" content=\"summary_large_image\" \/>\n<meta name=\"twitter:label1\" content=\"Temps estimat de lectura\" \/>\n\t<meta name=\"twitter:data1\" content=\"2 minuts\" \/>\n<script type=\"application\/ld+json\" class=\"yoast-schema-graph\">{\"@context\":\"https:\/\/schema.org\",\"@graph\":[{\"@type\":\"WebPage\",\"@id\":\"https:\/\/www.antoniaguerreropsicologia.com\/cita\/sesion-de-psicoterapia\/\",\"url\":\"https:\/\/www.antoniaguerreropsicologia.com\/cita\/sesion-de-psicoterapia\/\",\"name\":\"Sesi\u00f3n de Psicoterapia - Antonia Guerrero\",\"isPartOf\":{\"@id\":\"https:\/\/www.antoniaguerreropsicologia.com\/#website\"},\"primaryImageOfPage\":{\"@id\":\"https:\/\/www.antoniaguerreropsicologia.com\/cita\/sesion-de-psicoterapia\/#primaryimage\"},\"image\":{\"@id\":\"https:\/\/www.antoniaguerreropsicologia.com\/cita\/sesion-de-psicoterapia\/#primaryimage\"},\"thumbnailUrl\":\"https:\/\/www.antoniaguerreropsicologia.com\/wp-content\/uploads\/2017\/03\/baixa.jpg\",\"datePublished\":\"2017-03-14T04:47:59+00:00\",\"dateModified\":\"2023-09-14T13:22:17+00:00\",\"breadcrumb\":{\"@id\":\"https:\/\/www.antoniaguerreropsicologia.com\/cita\/sesion-de-psicoterapia\/#breadcrumb\"},\"inLanguage\":\"ca\",\"potentialAction\":[{\"@type\":\"ReadAction\",\"target\":[\"https:\/\/www.antoniaguerreropsicologia.com\/cita\/sesion-de-psicoterapia\/\"]}]},{\"@type\":\"ImageObject\",\"inLanguage\":\"ca\",\"@id\":\"https:\/\/www.antoniaguerreropsicologia.com\/cita\/sesion-de-psicoterapia\/#primaryimage\",\"url\":\"https:\/\/www.antoniaguerreropsicologia.com\/wp-content\/uploads\/2017\/03\/baixa.jpg\",\"contentUrl\":\"https:\/\/www.antoniaguerreropsicologia.com\/wp-content\/uploads\/2017\/03\/baixa.jpg\",\"width\":275,\"height\":183},{\"@type\":\"BreadcrumbList\",\"@id\":\"https:\/\/www.antoniaguerreropsicologia.com\/cita\/sesion-de-psicoterapia\/#breadcrumb\",\"itemListElement\":[{\"@type\":\"ListItem\",\"position\":1,\"name\":\"Portada\",\"item\":\"https:\/\/www.antoniaguerreropsicologia.com\/\"},{\"@type\":\"ListItem\",\"position\":2,\"name\":\"Tienda\",\"item\":\"https:\/\/www.antoniaguerreropsicologia.com\/?page_id=764\"},{\"@type\":\"ListItem\",\"position\":3,\"name\":\"Sesi\u00f3n de Psicoterapia\"}]},{\"@type\":\"WebSite\",\"@id\":\"https:\/\/www.antoniaguerreropsicologia.com\/#website\",\"url\":\"https:\/\/www.antoniaguerreropsicologia.com\/\",\"name\":\"Antonia Guerrero Psicolog\u00eda\",\"description\":\"Sesiones de Psicologia presencial y online\",\"publisher\":{\"@id\":\"https:\/\/www.antoniaguerreropsicologia.com\/#\/schema\/person\/20206a179bfe8e6f5d6c828022621111\"},\"potentialAction\":[{\"@type\":\"SearchAction\",\"target\":{\"@type\":\"EntryPoint\",\"urlTemplate\":\"https:\/\/www.antoniaguerreropsicologia.com\/?s={search_term_string}\"},\"query-input\":{\"@type\":\"PropertyValueSpecification\",\"valueRequired\":true,\"valueName\":\"search_term_string\"}}],\"inLanguage\":\"ca\"},{\"@type\":[\"Person\",\"Organization\"],\"@id\":\"https:\/\/www.antoniaguerreropsicologia.com\/#\/schema\/person\/20206a179bfe8e6f5d6c828022621111\",\"name\":\"Antonia Guerrero\",\"image\":{\"@type\":\"ImageObject\",\"inLanguage\":\"ca\",\"@id\":\"https:\/\/antoniaguerreropsicologia.com\/wp-content\/uploads\/2020\/05\/antonia3.jpg\",\"url\":\"https:\/\/antoniaguerreropsicologia.com\/wp-content\/uploads\/2020\/05\/antonia3.jpg\",\"contentUrl\":\"https:\/\/antoniaguerreropsicologia.com\/wp-content\/uploads\/2020\/05\/antonia3.jpg\",\"width\":700,\"height\":769,\"caption\":\"Antonia Guerrero\"},\"logo\":{\"@id\":\"https:\/\/antoniaguerreropsicologia.com\/wp-content\/uploads\/2020\/05\/antonia3.jpg\"}}]}<\/script>\n<!-- \/ Yoast SEO Premium plugin. -->","yoast_head_json":{"title":"Sesi\u00f3n de Psicoterapia - Antonia Guerrero","robots":{"index":"index","follow":"follow","max-snippet":"max-snippet:-1","max-image-preview":"max-image-preview:large","max-video-preview":"max-video-preview:-1"},"canonical":"https:\/\/www.antoniaguerreropsicologia.com\/ca\/cita\/sesion-de-psicoterapia\/","og_locale":"ca_ES","og_type":"article","og_title":"Sesi\u00f3n de Psicoterapia","og_description":"La psicoterapia es un proceso de crecimiento d\u00f3nde un\/a profesional especializado\/a en la escucha y la comprensi\u00f3n de procesos psicol\u00f3gicos te acompa\u00f1a para que puedas ser m\u00e1s consciente de ti mismo\/a y de lo que te impide estar en equilibrio y harmon\u00eda. Los\/as psicoterapeutas estamos formados en los procesos de los cambios vitales, en el mundo emocional, en el manejo del estr\u00e9s y la ansiedad y en mucho otros temas. Siempre que pidas ayuda, aseg\u00farate de que la persona que te va a atender es un psic\u00f3logo, especializado en psicoterapia.","og_url":"https:\/\/www.antoniaguerreropsicologia.com\/ca\/cita\/sesion-de-psicoterapia\/","og_site_name":"Antonia Guerrero","article_modified_time":"2023-09-14T13:22:17+00:00","og_image":[{"width":275,"height":183,"url":"https:\/\/www.antoniaguerreropsicologia.com\/wp-content\/uploads\/2017\/03\/baixa.jpg","type":"image\/jpeg"}],"twitter_card":"summary_large_image","twitter_misc":{"Temps estimat de lectura":"2 minuts"},"schema":{"@context":"https:\/\/schema.org","@graph":[{"@type":"WebPage","@id":"https:\/\/www.antoniaguerreropsicologia.com\/cita\/sesion-de-psicoterapia\/","url":"https:\/\/www.antoniaguerreropsicologia.com\/cita\/sesion-de-psicoterapia\/","name":"Sesi\u00f3n de Psicoterapia - Antonia Guerrero","isPartOf":{"@id":"https:\/\/www.antoniaguerreropsicologia.com\/#website"},"primaryImageOfPage":{"@id":"https:\/\/www.antoniaguerreropsicologia.com\/cita\/sesion-de-psicoterapia\/#primaryimage"},"image":{"@id":"https:\/\/www.antoniaguerreropsicologia.com\/cita\/sesion-de-psicoterapia\/#primaryimage"},"thumbnailUrl":"https:\/\/www.antoniaguerreropsicologia.com\/wp-content\/uploads\/2017\/03\/baixa.jpg","datePublished":"2017-03-14T04:47:59+00:00","dateModified":"2023-09-14T13:22:17+00:00","breadcrumb":{"@id":"https:\/\/www.antoniaguerreropsicologia.com\/cita\/sesion-de-psicoterapia\/#breadcrumb"},"inLanguage":"ca","potentialAction":[{"@type":"ReadAction","target":["https:\/\/www.antoniaguerreropsicologia.com\/cita\/sesion-de-psicoterapia\/"]}]},{"@type":"ImageObject","inLanguage":"ca","@id":"https:\/\/www.antoniaguerreropsicologia.com\/cita\/sesion-de-psicoterapia\/#primaryimage","url":"https:\/\/www.antoniaguerreropsicologia.com\/wp-content\/uploads\/2017\/03\/baixa.jpg","contentUrl":"https:\/\/www.antoniaguerreropsicologia.com\/wp-content\/uploads\/2017\/03\/baixa.jpg","width":275,"height":183},{"@type":"BreadcrumbList","@id":"https:\/\/www.antoniaguerreropsicologia.com\/cita\/sesion-de-psicoterapia\/#breadcrumb","itemListElement":[{"@type":"ListItem","position":1,"name":"Portada","item":"https:\/\/www.antoniaguerreropsicologia.com\/"},{"@type":"ListItem","position":2,"name":"Tienda","item":"https:\/\/www.antoniaguerreropsicologia.com\/?page_id=764"},{"@type":"ListItem","position":3,"name":"Sesi\u00f3n de Psicoterapia"}]},{"@type":"WebSite","@id":"https:\/\/www.antoniaguerreropsicologia.com\/#website","url":"https:\/\/www.antoniaguerreropsicologia.com\/","name":"Antonia Guerrero Psicolog\u00eda","description":"Sesiones de Psicologia presencial y online","publisher":{"@id":"https:\/\/www.antoniaguerreropsicologia.com\/#\/schema\/person\/20206a179bfe8e6f5d6c828022621111"},"potentialAction":[{"@type":"SearchAction","target":{"@type":"EntryPoint","urlTemplate":"https:\/\/www.antoniaguerreropsicologia.com\/?s={search_term_string}"},"query-input":{"@type":"PropertyValueSpecification","valueRequired":true,"valueName":"search_term_string"}}],"inLanguage":"ca"},{"@type":["Person","Organization"],"@id":"https:\/\/www.antoniaguerreropsicologia.com\/#\/schema\/person\/20206a179bfe8e6f5d6c828022621111","name":"Ant\u00f2nia Guerrero","image":{"@type":"ImageObject","inLanguage":"ca","@id":"https:\/\/antoniaguerreropsicologia.com\/wp-content\/uploads\/2020\/05\/antonia3.jpg","url":"https:\/\/antoniaguerreropsicologia.com\/wp-content\/uploads\/2020\/05\/antonia3.jpg","contentUrl":"https:\/\/antoniaguerreropsicologia.com\/wp-content\/uploads\/2020\/05\/antonia3.jpg","width":700,"height":769,"caption":"Antonia Guerrero"},"logo":{"@id":"https:\/\/antoniaguerreropsicologia.com\/wp-content\/uploads\/2020\/05\/antonia3.jpg"}}]}},"_links":{"self":[{"href":"https:\/\/www.antoniaguerreropsicologia.com\/ca\/wp-json\/wp\/v2\/product\/486","targetHints":{"allow":["GET"]}}],"collection":[{"href":"https:\/\/www.antoniaguerreropsicologia.com\/ca\/wp-json\/wp\/v2\/product"}],"about":[{"href":"https:\/\/www.antoniaguerreropsicologia.com\/ca\/wp-json\/wp\/v2\/types\/product"}],"wp:featuredmedia":[{"embeddable":true,"href":"https:\/\/www.antoniaguerreropsicologia.com\/ca\/wp-json\/wp\/v2\/media\/728"}],"wp:attachment":[{"href":"https:\/\/www.antoniaguerreropsicologia.com\/ca\/wp-json\/wp\/v2\/media?parent=486"}],"wp:term":[{"taxonomy":"product_brand","embeddable":true,"href":"https:\/\/www.antoniaguerreropsicologia.com\/ca\/wp-json\/wp\/v2\/product_brand?post=486"},{"taxonomy":"product_cat","embeddable":true,"href":"https:\/\/www.antoniaguerreropsicologia.com\/ca\/wp-json\/wp\/v2\/product_cat?post=486"},{"taxonomy":"product_tag","embeddable":true,"href":"https:\/\/www.antoniaguerreropsicologia.com\/ca\/wp-json\/wp\/v2\/product_tag?post=486"}],"curies":[{"name":"wp","href":"https:\/\/api.w.org\/{rel}","templated":true}]}}